{"id":1798,"date":"2014-11-11T11:09:47","date_gmt":"2014-11-11T09:09:47","guid":{"rendered":"https:\/\/mg-vasic.si\/dom\/"},"modified":"2024-09-24T17:45:47","modified_gmt":"2024-09-24T15:45:47","slug":"dom","status":"publish","type":"page","link":"https:\/\/mg-vasic.si\/hr\/","title":{"rendered":"Dom"},"content":{"rendered":"<p>[vc_row has_content=&#8221;true&#8221;][vc_column][rev_slider_vc alias=&#8221;main-slider&#8221;][\/vc_column][\/vc_row][vc_row full_width=&#8221;stretch_row&#8221; content_placement=&#8221;middle&#8221; css=&#8221;.vc_custom_1640374526016{margin-top: -35px !important;margin-bottom: 50px !important;padding-top: 35px !important;padding-bottom: 35px !important;background-image: url(https:\/\/mg-vasic.si\/wp-content\/uploads\/2021\/12\/1400&#215;200-2-1.jpg?id=837) !important;background-position: center !important;background-repeat: no-repeat !important;background-size: cover !important;}&#8221; has_content=&#8221;inside&#8221;][vc_column width=&#8221;5\/6&#8243;][vc_column_text css=&#8221;.vc_custom_1642495968024{margin-top: -10px !important;}&#8221;]<\/p>\n<h3 style=\"text-align: left;\"><strong><span style=\"color: #ffffff;\">IZVODIMO GRA\u0110EVINSKE, ZIDARSKE, FASADERSKE, SUHOMONTA\u017dNE, KROVOPOKRIVA\u010cKE I OSTALE RADOVE.<\/span><\/strong><\/h3>\n<p>[\/vc_column_text][\/vc_column][vc_column width=&#8221;1\/6&#8243;]<a target=\"_self\" href=\"https:\/\/mg-vasic.si\/contact-us\/\" class=\"btn  btn-md style-1\" id=\"custom-id-0\" style=\"\">KONTAKT<\/a>[\/vc_column][\/vc_row][vc_row full_width=&#8221;stretch_row&#8221; content_placement=&#8221;middle&#8221; css=&#8221;.vc_custom_1678180066379{margin-top: -35px !important;margin-bottom: 50px !important;padding-top: 35px !important;padding-bottom: 35px !important;background-color: #5b5b5b !important;background-position: center !important;background-repeat: no-repeat !important;background-size: cover !important;}&#8221; has_content=&#8221;inside&#8221;][vc_column width=&#8221;5\/6&#8243;][vc_column_text css=&#8221;.vc_custom_1678180134029{margin-top: -10px !important;}&#8221;]<\/p>\n<h3 style=\"text-align: center;\"><strong><span style=\"color: #ffffff;\">NA TR\u017dI\u0160TU SMO OD 1981. GODINE &#8211; VA\u0160 POUZDAN I DUGOGODI\u0160NJI PARTNER<\/span><\/strong><\/h3>\n<p>[\/vc_column_text][\/vc_column][vc_column width=&#8221;1\/6&#8243;][\/vc_column][\/vc_row][vc_row css=&#8221;.vc_custom_1436447905882{margin-bottom: 50px !important;}&#8221;][vc_column width=&#8221;1\/3&#8243;][vc_row_inner][vc_column_inner width=&#8221;1\/2&#8243;][vc_single_image image=&#8221;1438&#8243; img_size=&#8221;full&#8221;][\/vc_column_inner][vc_column_inner width=&#8221;1\/2&#8243;][vc_single_image image=&#8221;1607&#8243; img_size=&#8221;full&#8221;][\/vc_column_inner][\/vc_row_inner][vc_row_inner css=&#8221;.vc_custom_1436442814594{margin-top: -34px !important;}&#8221;][vc_column_inner]<h5 class='heading-left  style-1' ><span>MG Vasi\u0107, gradbeni\u0161tvo in storitve d.o.o.<\/span><\/h5>[vc_column_text]<strong>S VAMA \u010cETIRI DESETLJE\u0106A<\/strong>[\/vc_column_text][vc_empty_space height=&#8221;20px&#8221;][vc_column_text]Vjerujemo da toliko godina prisutnosti na tr\u017ei\u0161tu pru\u017eatelja gra\u0111evinskih usluga govori da smo jedna od iskusnijih tvrtki.[\/vc_column_text][\/vc_column_inner][\/vc_row_inner][\/vc_column][vc_column width=&#8221;1\/3&#8243;][vc_row_inner][vc_column_inner width=&#8221;1\/2&#8243;][vc_single_image image=&#8221;1439&#8243; img_size=&#8221;full&#8221;][\/vc_column_inner][vc_column_inner width=&#8221;1\/2&#8243;][vc_single_image image=&#8221;1440&#8243; img_size=&#8221;full&#8221;][\/vc_column_inner][\/vc_row_inner][vc_row_inner css=&#8221;.vc_custom_1436442826040{margin-top: -34px !important;}&#8221;][vc_column_inner]<h5 class='heading-left  style-1' ><span>U BOLJU BUDU\u0106NOST SA NAMA<\/span><\/h5>[vc_column_text]<strong>NUDIMO PRETPLATNIKE<\/strong>[\/vc_column_text][vc_empty_space height=&#8221;20px&#8221;][vc_column_text]Svojim klijentima nudimo izgradnju jednostambenih i vi\u0161estambenih objekata. Gradimo manje zahtjevne, srednje zahtjevne i zahtjevne objekte.[\/vc_column_text][\/vc_column_inner][\/vc_row_inner][\/vc_column][vc_column width=&#8221;1\/3&#8243;][vc_single_image image=&#8221;1436&#8243; img_size=&#8221;full&#8221; onclick=&#8221;custom_link&#8221; link=&#8221;#&#8221;]<h5 class='heading-left  style-1' ><span>SAVJETOVANJE<\/span><\/h5>[vc_column_text]<strong>TAKO\u0110ER NUDIMO BESPLATNO SAVJETOVANJE<\/strong>[\/vc_column_text][vc_empty_space height=&#8221;20px&#8221;][vc_column_text]Svaki projekt je jedinstven i \u010desto se susre\u0107emo s klijentima koji nemaju znanja iz ovog podru\u010dja. Upravo zbog toga ne znaju kako zapravo pokrenuti sam proces.[\/vc_column_text][\/vc_column][\/vc_row][vc_row full_width=&#8221;stretch_row&#8221; css=&#8221;.vc_custom_1436447865907{padding-top: 30px !important;padding-bottom: 50px !important;background-color: #212121 !important;}&#8221; has_content=&#8221;false&#8221;][vc_column]<div class='container'><div class='row owly'><div class='col-md-6 col-xs-6'><h2 style='color:#ffffff;'>NA\u0160I PROJEKTI<\/h2><\/div><div class='col-xs-6 col-md-6 align-right'><a class='owlprev' style='background:#0f0f0f;'><i class='fa fa-chevron-left' style='color:#c1c1c1;'><\/i><\/a><a class='owlnext' style='background:#0f0f0f;'><i class='fa fa-chevron-right' style='color:#c1c1c1;'><\/i><\/a><\/div><\/div><\/div><ul class='owl-carousel recentportfolio clearfix' data-col=3><li class='item item-type-line'><a class='item-hover' href=https:\/\/mg-vasic.si\/hr\/portfolio\/fasade\/><div class='mask'><\/div><div class='item-info'><div class='headline'><h2>Fasade<\/h2><\/div><\/div><\/a><div class='item-img'><img loading=\"lazy\" decoding=\"async\" width=\"360\" height=\"267\" src=\"https:\/\/mg-vasic.si\/wp-content\/uploads\/2023\/01\/PHOTO-2023-01-12-10-47-01-360x267.jpg\" class=\"attachment-post-thumb size-post-thumb wp-post-image\" alt=\"\" \/><\/div><\/li><li class='item item-type-line'><a class='item-hover' href=https:\/\/mg-vasic.si\/hr\/portfolio\/izgradnja-objekata\/><div class='mask'><\/div><div class='item-info'><div class='headline'><h2>Izgradnja objekata<\/h2><\/div><\/div><\/a><div class='item-img'><img loading=\"lazy\" decoding=\"async\" width=\"360\" height=\"267\" src=\"https:\/\/mg-vasic.si\/wp-content\/uploads\/2021\/12\/gradbenistvo-mg-vasic-gradnja-objektov-1-767X511-360x267.jpg\" class=\"attachment-post-thumb size-post-thumb wp-post-image\" alt=\"\" \/><\/div><\/li><li class='item item-type-line'><a class='item-hover' href=https:\/\/mg-vasic.si\/hr\/portfolio\/ostali-gradevinski-radovi\/><div class='mask'><\/div><div class='item-info'><div class='headline'><h2>Ostali gra\u0111evinski radovi<\/h2><\/div><\/div><\/a><div class='item-img'><img loading=\"lazy\" decoding=\"async\" width=\"360\" height=\"267\" src=\"https:\/\/mg-vasic.si\/wp-content\/uploads\/2024\/08\/mg-vasic-gradbenistvo-0708-24-360x267.jpg\" class=\"attachment-post-thumb size-post-thumb wp-post-image\" alt=\"\" \/><\/div><\/li><\/ul>[\/vc_column][\/vc_row][vc_row css=&#8221;.vc_custom_1436444288877{margin-top: 80px !important;}&#8221;][vc_column width=&#8221;2\/3&#8243;][vc_tta_tabs spacing=&#8221;&#8221; active_section=&#8221;1&#8243; type=&#8221;vertical&#8221; no_fill_content_area=&#8221;true&#8221;][vc_tta_section title=&#8221;Mi gradimo&#8221; tab_id=&#8221;1436443269483-453cfb84-043e&#8221;]<h2 class='heading-content  style-1' ><span>ZIDARSKI RADOVI<\/span><\/h2>[vc_empty_space height=&#8221;7px&#8221;]<ul class='list '><li>Gra\u0111evinski radovi<\/li><li>Zidarstvo<\/li><li>Zavr\u0161ni radovi<\/li><\/ul>[vc_empty_space height=&#8221;15px&#8221;][vc_column_text]Nakon postavljanja temelja, ovo je sljede\u0107a faza izgradnje. Objekt polako poprima svoj imid\u017e. Ovaj proces uklju\u010duje izradu zidova, pregrada, stropova, prozorskih otvora&#8230; U ovoj fazi klijentov plan poprima fizi\u010dki oblik, a na\u0161 tim iskusnih zidara pokazuje svoje vje\u0161tine.[\/vc_column_text][\/vc_tta_section][vc_tta_section title=&#8221;Fasade&#8221; tab_id=&#8221;1674484256470-e03f5126-bfdd&#8221;]<h2 class='heading-content  style-1' ><span>FASADERSKI RADOVI<\/span><\/h2>[vc_empty_space height=&#8221;7px&#8221;]<ul class='list '><li>Mjerenja radimo za vas<\/li><li>Rje\u0161enja fasadnih sustava<\/li><li>Detalji fasade<\/li><\/ul>[vc_empty_space height=&#8221;15px&#8221;][vc_column_text]Fasada je ogledalo svake ku\u0107e. Adekvatna toplinska izolacija vanjskih zidova najva\u017eniji je korak na putu energetske u\u010dinkovitosti zgrade. \u0160titi objekt od vanjskih utjecaja i time osigurava estetski izgled.   Uzimamo mjere za Vas te Vas savjetujemo o izboru materijala, boje, zavr\u0161nog sloja i pripremamo predra\u010dun.[\/vc_column_text][\/vc_tta_section][vc_tta_section title=&#8221;Prilago\u0111avamo se&#8221; tab_id=&#8221;1436443267961-d99c9ed9-3450&#8243;]<h2 class='heading-content  style-1' ><span>ADAPTACIJE IN SANACJE STAVB<\/span><\/h2>[vc_empty_space height=&#8221;7px&#8221;]<ul class='list '><li>Stare ku\u0107e<\/li><li>Sanacija temelja<\/li><li>Otvor u zidovima<\/li><\/ul>[vc_column_text]Za vas preure\u0111ujemo ili renoviramo cijeli dom ili samo dio. Va\u0161e potkrovlje mo\u017eemo preurediti u mansardu ili u stambeno potkrovlje. Vr\u0161imo sanaciju terena radi pobolj\u0161anja karakteristika terena, bez obzira na njegovo stanje i namjenu. Popravljamo temelje, hidroizolaciju. Adaptacija i sanacija otvora u zidovima&#8230;[\/vc_column_text][\/vc_tta_section][vc_tta_section title=&#8221;Infrastruktura&#8221; tab_id=&#8221;1436443266461-708297ad-6ce0&#8243;]<h2 class='heading-content  style-1' ><span>IZGRADNJA INFRASTRUKTURE<\/span><\/h2>[vc_empty_space height=&#8221;7px&#8221;]<ul class='list '><li>Izgradnja kanalizacije<\/li><li>Vodovodne instalacije<\/li><li>Prometnih objektata<\/li><\/ul>[vc_column_text]Osim izgradnje objekata, na\u0161a tvrtka se bavi i izgradnjom komunalne i prometne infrastrukture. Ova skupina radova uklju\u010duje izgradnju kanalizacije, vodovoda, prometnih objekata (ceste, mostovi&#8230;)[\/vc_column_text][\/vc_tta_section][vc_tta_section title=&#8221;Mi gradimo&#8221; tab_id=&#8221;1436443264971-3155bdbe-a317&#8243;]<h2 class='heading-content  style-1' ><span>IZGRADNJA OBJEKATA<\/span><\/h2>[vc_empty_space height=&#8221;7px&#8221;]<ul class='list '><li>Gradnja novog doma<\/li><li>Poslovni objekt<\/li><li>Izgradnja klju\u010d u ruke<\/li><\/ul>[vc_column_text]Zidarski i fasaderski radovi MG Vasi\u0107 doo je gra\u0111evinska tvrtka koja posluje ve\u0107 40 godina. Ukoliko trebate pouzdanog i iskusnog izvo\u0111a\u010da, mi smo prava adresa. Bilo da se radi o maloj adaptaciji, izgradnji nove ku\u0107e ili poslovnog objekta, stojimo Vam na usluzi. Kontaktirajte nas![\/vc_column_text][\/vc_tta_section][vc_tta_section title=&#8221;Ru\u0161imo&#8221; tab_id=&#8221;1436443263509-053c4c05-4c5d&#8221;]<h2 class='heading-content  style-1' ><span>RADOVI NA RU\u0160ENJU<\/span><\/h2>[vc_empty_space height=&#8221;7px&#8221;]<ul class='list '><li>Za\u0161tita<\/li><li>Izvo\u0111enje ru\u0161enja<\/li><li>Uklanjanje materijala<\/li><\/ul>[vc_column_text]Kao \u0161to je va\u017ena stru\u010dna i kvalitetna gradnja, va\u017eno je i profesionalno ru\u0161enje. I ova faza gra\u0111evinskih radova sastoji se od nekoliko dijelova, a to su za\u0161tita, ru\u0161enje i odvoz otpadnog materijala. Ukoliko je rije\u010d o adaptaciji i vezani smo uz postoje\u0107u konstrukciju, jo\u0161 je va\u017enije da to izvede iskusan tim. ovo smo mi![\/vc_column_text][\/vc_tta_section][vc_tta_section title=&#8221;Betoniramo&#8221; tab_id=&#8221;1436444086887-bd70699e-f17f&#8221;]<h2 class='heading-content  style-1' ><span>BETONIRANJE<\/span><\/h2>[vc_empty_space height=&#8221;7px&#8221;]<ul class='list '><li>Temelji<\/li><li>Plo\u010de<\/li><li>Potporni zidovi<\/li><\/ul>[vc_column_text]Dobar temelj &#8211; dobar po\u010detak! U na\u0161oj tvrtki svjesni smo da je sigurnost jednako va\u017ena kao i estetika. Kvalitetni betonski radovi (betoniranje temelja, plo\u010da, potpornih zidova&#8230;) temelj su procesa gradnje. Tusmo je posebno pa\u017eljiv i pa\u017eljiv, jer samo tako mo\u017eemo sigurno nastaviti s ostatkom procesa gradnje.[\/vc_column_text][\/vc_tta_section][vc_tta_section title=&#8221;Krovovi&#8221; tab_id=&#8221;1674484620338-ad8359c1-100b&#8221;]<h2 class='heading-content  style-1' ><span>KROVI\u0160TVO I GRA\u0110EVINSKA STOLARIJA<\/span><\/h2>[vc_empty_space height=&#8221;7px&#8221;]<ul class='list '><li>Ogled i konzultacija<\/li><li>Novo ili adaptacija krova<\/li><li>Razli\u010diti izbori krovi\u0161ta<\/li><\/ul>[vc_column_text]Krovarstvo &#8211; Stolarija &#8211; Gra\u0111evinska limarija. Vrhunska izrada krovne limarije i tesarskih radova. Zamjena starog krovi\u0161ta, izrada novog krovi\u0161ta, nudimo obilazak i savjetovanje oko izrade i odabira krovi\u0161ta.[\/vc_column_text][\/vc_tta_section][\/vc_tta_tabs][\/vc_column][vc_column width=&#8221;1\/3&#8243;][vc_single_image image=&#8221;1441&#8243; img_size=&#8221;full&#8221;][vc_column_text]<\/p>\n<h4>POSJET I SAVJETOVANJE<\/h4>\n<p>Mo\u017eemo dogovoriti posjet objektu, lokaciji&#8230; slu\u0161amo Va\u0161e zahtjeve i po potrebi Vas savjetujemo.[\/vc_column_text][\/vc_column][\/vc_row][vc_row full_width=&#8221;stretch_row_content_no_spaces&#8221; has_content=&#8221;false&#8221; el_class=&#8221;text-center&#8221; css=&#8221;.vc_custom_1436449851667{margin-top: 60px !important;}&#8221;][vc_column]<section  data-vc-parallax=\"1.5\" class=\"statement vc_parallax\" style=\"background-image: url('https:\/\/mg-vasic.si\/wp-content\/uploads\/2021\/12\/gradbenistvo-svetovanje.jpg');\">[vc_column_text]<\/p>\n<h1 style=\"text-align: center;\"><span style=\"color: #ffffff;\">OD IDEJE, PLANIRANJA DO REALIZACIJE<\/span><\/h1>\n<p>[\/vc_column_text][vc_empty_space height=&#8221;15px&#8221;]<a target=\"_self\" href=\"https:\/\/mg-vasic.si\/contact-us\/\" class=\"btn  btn-md style-1\" id=\"custom-id-1\" style=\"\">Kontakt<\/a><\/section>[\/vc_column][\/vc_row][vc_row has_content=&#8221;true&#8221;][vc_column]<h3 class='heading-middle  style-1' ><span>KUPCI KOJI SU NAM VE\u0106 POVJERILI SVOJE PROJEKTE<\/span><\/h3>[vc_empty_space]<div class='logos logos--style-1'><div class='logos__item'><div class='logos__wrap'><img class='logos__image' src='https:\/\/mg-vasic.si\/wp-content\/uploads\/2022\/01\/ac-tavcar-bw.png' alt='buildproplus'><div class='logos__hover'><img src='https:\/\/mg-vasic.si\/wp-content\/uploads\/2022\/01\/ac-tavcar.png' alt=''><\/div><\/div><\/div><div class='logos__item'><div class='logos__wrap'><img class='logos__image' src='https:\/\/mg-vasic.si\/wp-content\/uploads\/2022\/01\/gostilna-kovac-tomacevo-bw.png' alt=''><div class='logos__hover'><img src='https:\/\/mg-vasic.si\/wp-content\/uploads\/2022\/01\/gostilna-kovac-tomacevo.png' alt=''><\/div><\/div><\/div><div class='logos__item'><div class='logos__wrap'><img class='logos__image' src='https:\/\/mg-vasic.si\/wp-content\/uploads\/2022\/01\/kmecki-hram-tomacevo.png' alt=''><div class='logos__hover'><img src='https:\/\/mg-vasic.si\/wp-content\/uploads\/2022\/01\/kmecki-hram-tomacevo.png' alt=''><\/div><\/div><\/div><div class='logos__item'><div class='logos__wrap'><img class='logos__image' src='https:\/\/mg-vasic.si\/wp-content\/uploads\/2022\/01\/stara-bol-v-piranu-bw.png' alt=''><div class='logos__hover'><img src='https:\/\/mg-vasic.si\/wp-content\/uploads\/2022\/01\/stara-bol-v-piranu.png' alt=''><\/div><\/div><\/div><div class='logos__item'><div class='logos__wrap'><img class='logos__image' src='' alt=''><\/div><\/div><\/div>[vc_column_text]<\/p>\n<h3 style=\"text-align: center;\"><span style=\"color: #d1d1d1;\">biti jedan od njih<\/span><\/h3>\n<p>[\/vc_column_text][\/vc_column][\/vc_row]<\/p>\n","protected":false},"excerpt":{"rendered":"<p>[vc_row has_content=&#8221;true&#8221;][vc_column][rev_slider_vc alias=&#8221;main-slider&#8221;][\/vc_column][\/vc_row][vc_row full_width=&#8221;stretch_row&#8221; content_placement=&#8221;middle&#8221; css=&#8221;.vc_custom_1640374526016{margin-top: -35px !important;margin-bottom: 50px !important;padding-top: 35px !important;padding-bottom: 35px !important;background-image: url(https:\/\/mg-vasic.si\/wp-content\/uploads\/2021\/12\/1400&#215;200-2-1.jpg?id=837) !important;background-position: center !important;background-repeat: no-repeat !important;background-size: cover !important;}&#8221; has_content=&#8221;inside&#8221;][vc_column width=&#8221;5\/6&#8243;][vc_column_text css=&#8221;.vc_custom_1642495968024{margin-top: -10px !important;}&#8221;] IZVODIMO GRA\u0110EVINSKE, ZIDARSKE, FASADERSKE, SUHOMONTA\u017dNE, KROVOPOKRIVA\u010cKE I OSTALE RADOVE. [\/vc_column_text][\/vc_column][vc_column width=&#8221;1\/6&#8243;][\/vc_column][\/vc_row][vc_row full_width=&#8221;stretch_row&#8221; content_placement=&#8221;middle&#8221;&#8230;<\/p>\n","protected":false},"author":1,"featured_media":0,"parent":0,"menu_order":0,"comment_status":"closed","ping_status":"closed","template":"","meta":{"_monsterinsights_skip_tracking":false,"_monsterinsights_sitenote_active":false,"_monsterinsights_sitenote_note":"","_monsterinsights_sitenote_category":0,"footnotes":""},"class_list":["post-1798","page","type-page","status-publish","hentry"],"aioseo_notices":[],"_links":{"self":[{"href":"https:\/\/mg-vasic.si\/hr\/wp-json\/wp\/v2\/pages\/1798","targetHints":{"allow":["GET"]}}],"collection":[{"href":"https:\/\/mg-vasic.si\/hr\/wp-json\/wp\/v2\/pages"}],"about":[{"href":"https:\/\/mg-vasic.si\/hr\/wp-json\/wp\/v2\/types\/page"}],"author":[{"embeddable":true,"href":"https:\/\/mg-vasic.si\/hr\/wp-json\/wp\/v2\/users\/1"}],"replies":[{"embeddable":true,"href":"https:\/\/mg-vasic.si\/hr\/wp-json\/wp\/v2\/comments?post=1798"}],"version-history":[{"count":10,"href":"https:\/\/mg-vasic.si\/hr\/wp-json\/wp\/v2\/pages\/1798\/revisions"}],"predecessor-version":[{"id":1830,"href":"https:\/\/mg-vasic.si\/hr\/wp-json\/wp\/v2\/pages\/1798\/revisions\/1830"}],"wp:attachment":[{"href":"https:\/\/mg-vasic.si\/hr\/wp-json\/wp\/v2\/media?parent=1798"}],"curies":[{"name":"wp","href":"https:\/\/api.w.org\/{rel}","templated":true}]}}