{"id":1793,"date":"2022-01-05T14:16:22","date_gmt":"2022-01-05T12:16:22","guid":{"rendered":"https:\/\/mg-vasic.si\/o-tvrtki\/"},"modified":"2024-09-24T12:26:55","modified_gmt":"2024-09-24T10:26:55","slug":"o-tvrtki","status":"publish","type":"page","link":"https:\/\/mg-vasic.si\/hr\/o-tvrtki\/","title":{"rendered":"O tvrtki"},"content":{"rendered":"<p>[vc_row][vc_column]<h1 class='heading-middle  style-1' ><span>MG VASI\u010c, GRADBENISTVO IN STORITVE, DOO<\/span><\/h1>[\/vc_column][\/vc_row][vc_row][vc_column width=&#8221;2\/4&#8243;][vc_single_image image=&#8221;1445&#8243; img_size=&#8221;full&#8221; alignment=&#8221;center&#8221;][\/vc_column][vc_column width=&#8221;1\/4&#8243;][vc_single_image image=&#8221;1569&#8243; img_size=&#8221;full&#8221;]<h5 class='heading-content  style-1' ><span>ZGODOVINA PODJETJA<\/span><\/h5>[vc_column_text]<strong>Tvrtka Zidarstvo i fasaderstvo MG Vasi\u0107 doo<\/strong> <strong>obiteljsko je poduze\u0107e.<\/strong> <strong>U podru\u010dju graditeljstva poslujemo ve\u0107 \u010detiri desetlje\u0107a<\/strong> i spadamo me\u0111u iskusnije tvrtke.[\/vc_column_text][vc_empty_space height=&#8221;20px&#8221;][vc_single_image image=&#8221;1447&#8243; img_size=&#8221;full&#8221;]<h5 class='heading-content  style-1' ><span>VIZIJA PODJETJA<\/span><\/h5>[vc_column_text]Osim kvalitetne i to\u010dne gra\u0111evinske i zidarske usluge, cilj nam je ponuditi prijateljske usluge koje prate gra\u0111evinsku djelatnost.[\/vc_column_text][\/vc_column][vc_column width=&#8221;1\/4&#8243;][vc_single_image image=&#8221;1448&#8243; img_size=&#8221;full&#8221;]<h5 class='heading-content  style-1' ><span>NA\u0160I IZZIVI<\/span><\/h5>[vc_column_text]Veliki izazov za nas je projekt koji se izvodi direktno za krajnjeg korisnika. Na\u0161a tvrtka gradi jednostambene i vi\u0161estambene objekte, poslovne objekte.[\/vc_column_text][vc_empty_space height=&#8221;20px&#8221;][vc_single_image image=&#8221;1449&#8243; img_size=&#8221;full&#8221;]<h5 class='heading-content  style-1' ><span>SVETOVANJE IN IZVEDBA<\/span><\/h5>[vc_column_text]Nudimo Vam i besplatne savjete o izgradnji objekta.<br \/> Za Vas izvodimo projekt prema ponudi kao i <strong>&#8220;klju\u010d u ruke&#8221;<\/strong>[\/vc_column_text][\/vc_column][\/vc_row][vc_row][vc_column][vc_empty_space][vc_empty_space][vc_column_text]<strong>Tvrtka Zidarstvo i fasaderstvo MG Vasi\u0107 doo obiteljska je tvrtka. Ve\u0107 \u010detiri desetlje\u0107a <\/strong>  bavimo se gra\u0111evinarstvom i spadamo me\u0111u iskusnije tvrtke. Veliki izazov za nas je projekt koji se izvodi direktno za krajnjeg korisnika. Na\u0161a tvrtka gradi jednostambene i vi\u0161estambene objekte (nezahtjevne, srednje zahtjevne i zahtjevne objekte), poslovne objekte.  <\/p>\n<p>Osim kvalitetne i to\u010dne gra\u0111evinske i zidarske usluge, cilj nam je ponuditi prijateljske usluge koje prate gra\u0111evinsku djelatnost. Nudimo Vam i besplatne savjete o izgradnji objekta. <\/p>\n<p><strong>Za vas izvodimo projekt prema ponudi kao i &#8220;klju\u010d u ruke&#8221;:<\/strong><\/p>\n<ul>\n<li>novogradnja i rekonstrukcija\/adaptacija objekata<\/li>\n<li>betonski radovi (temelji, AB plo\u010de, grede, stupovi, stepenice)<\/li>\n<li>zidarski radovi (zidanje, ru\u010dno \u017ebukanje, estrisi)<\/li>\n<li>kerami\u010darski radovi (sve vrste keramike i kamena)<\/li>\n<li>li\u010dila\u010dki radovi (\u017ebukanje, bru\u0161enje, kre\u010denje)<\/li>\n<li>tesarski radovi (oplata, krovne konstrukcije, nadstre\u0161nice)<\/li>\n<li>suhomonta\u017eni radovi (KNAUF, RIGIPS, FERMACELL)<\/li>\n<li>krovopokriva\u010dki i limarski radovi (GERRARD, BRAMAC, TONDACH)<\/li>\n<li>fasaderski radovi (sve vrste fasadnih sustava DEMIT, BAUMIT, JUBIZOL,&#8230;)<\/li>\n<li>vanjsko ure\u0111enje (iskopi, bazeni, poplo\u010davanje (betonski oplo\u010dnici, sanitarni \u010dvorovi<\/li>\n<li>plo\u010de, betonske staze), asfaltiranje, zidane ili betonske kosine)<\/li>\n<\/ul>\n<p><strong>Zajedno s na\u0161im partnerima javit \u0107emo vam:<\/strong><\/p>\n<ul>\n<li>vodovodne instalacije<\/li>\n<li>isu\u0161ivanje gra\u0111evine i sanacija \u0161teta od voda<\/li>\n<li>zavr\u0161ne podne obloge (keramika, parket, laminati)<\/li>\n<\/ul>\n<p>[\/vc_column_text][vc_empty_space][\/vc_column][\/vc_row][vc_row][vc_column][vc_column_text]<strong><em>MG VASI\u010c, GRADBENISTVO IN STORITVE, DOO<\/em><\/strong><br \/> Blasov breg 25<br \/>  1000 Ljubljana<\/p>\n<p><strong>M:<\/strong> 041 649036<br \/> <strong>E-po\u0161ta:<\/strong> mgvasic@mg-vasic.si<\/p>\n<p><strong>Porezni broj:<\/strong> SI:72502720<br \/> <strong>Porezni obveznik:<\/strong> Da<br \/> <strong>Mati\u010dni broj:<\/strong> 6205836000<br \/> <strong>TRR:<\/strong> SI56 1010 0005 1313 771<br \/> <em>(Banka Intesa Sanpaolo dd, )<\/em>[\/vc_column_text][\/vc_column][\/vc_row]<\/p>\n","protected":false},"excerpt":{"rendered":"<p>[vc_row][vc_column][\/vc_column][\/vc_row][vc_row][vc_column width=&#8221;2\/4&#8243;][vc_single_image image=&#8221;1445&#8243; img_size=&#8221;full&#8221; alignment=&#8221;center&#8221;][\/vc_column][vc_column width=&#8221;1\/4&#8243;][vc_single_image image=&#8221;1569&#8243; img_size=&#8221;full&#8221;][vc_column_text]Tvrtka Zidarstvo i fasaderstvo MG Vasi\u0107 doo obiteljsko je poduze\u0107e. U podru\u010dju graditeljstva poslujemo ve\u0107 \u010detiri desetlje\u0107a i spadamo me\u0111u iskusnije tvrtke.[\/vc_column_text][vc_empty_space height=&#8221;20px&#8221;][vc_single_image image=&#8221;1447&#8243; img_size=&#8221;full&#8221;][vc_column_text]Osim kvalitetne i to\u010dne gra\u0111evinske i zidarske usluge, cilj&#8230;<\/p>\n","protected":false},"author":1,"featured_media":0,"parent":0,"menu_order":0,"comment_status":"closed","ping_status":"closed","template":"","meta":{"_monsterinsights_skip_tracking":false,"_monsterinsights_sitenote_active":false,"_monsterinsights_sitenote_note":"","_monsterinsights_sitenote_category":0,"footnotes":""},"class_list":["post-1793","page","type-page","status-publish","hentry"],"aioseo_notices":[],"_links":{"self":[{"href":"https:\/\/mg-vasic.si\/hr\/wp-json\/wp\/v2\/pages\/1793","targetHints":{"allow":["GET"]}}],"collection":[{"href":"https:\/\/mg-vasic.si\/hr\/wp-json\/wp\/v2\/pages"}],"about":[{"href":"https:\/\/mg-vasic.si\/hr\/wp-json\/wp\/v2\/types\/page"}],"author":[{"embeddable":true,"href":"https:\/\/mg-vasic.si\/hr\/wp-json\/wp\/v2\/users\/1"}],"replies":[{"embeddable":true,"href":"https:\/\/mg-vasic.si\/hr\/wp-json\/wp\/v2\/comments?post=1793"}],"version-history":[{"count":3,"href":"https:\/\/mg-vasic.si\/hr\/wp-json\/wp\/v2\/pages\/1793\/revisions"}],"predecessor-version":[{"id":1810,"href":"https:\/\/mg-vasic.si\/hr\/wp-json\/wp\/v2\/pages\/1793\/revisions\/1810"}],"wp:attachment":[{"href":"https:\/\/mg-vasic.si\/hr\/wp-json\/wp\/v2\/media?parent=1793"}],"curies":[{"name":"wp","href":"https:\/\/api.w.org\/{rel}","templated":true}]}}