{"id":1789,"date":"2014-11-11T11:14:30","date_gmt":"2014-11-11T09:14:30","guid":{"rendered":"https:\/\/mg-vasic.si\/kontakt\/"},"modified":"2024-09-24T12:26:55","modified_gmt":"2024-09-24T10:26:55","slug":"kontakt","status":"publish","type":"page","link":"https:\/\/mg-vasic.si\/hr\/kontakt\/","title":{"rendered":"Kontakt"},"content":{"rendered":"<p>[vc_row full_width=&#8221;stretch_row_content_no_spaces&#8221; has_content=&#8221;false&#8221; css=&#8221;.vc_custom_1436443742744{margin-bottom: 60px !important;}&#8221;][vc_column][vc_single_image image=&#8221;1630&#8243; img_size=&#8221;full&#8221; alignment=&#8221;center&#8221; onclick=&#8221;custom_link&#8221; img_link_target=&#8221;_blank&#8221; title=&#8221;MG VASI\u0106, graditeljstvo i usluge doo Blasov Breg 25, 1000 Ljubljana&#8221; link=&#8221;https:\/\/www.google.com\/maps\/place\/Blasov+Breg+25,+1000+Ljubljana\/@46.081872,14.5292102,17z\/data=!3m1!4b1!4m5!3m4!1s0x476532fa35b5f221:0x6cae288658a66c8e!8m2!3d46.081872!4d14.5313989&#8243;][\/vc_column][\/vc_row][vc_row css=&#8221;.vc_custom_1436444292332{padding-bottom: 20px !important;}&#8221;][vc_column width=&#8221;1\/3&#8243;]<h4 class='heading-content  style-1' ><span>KONTAKTIRAJTE NAS<\/span><\/h4>[vc_empty_space height=&#8221;15px&#8221;][vc_column_text]<strong style=\"color: #727272;\">MG Vasi\u0107, graditeljstvo i usluge<\/strong> Blasov Breg 25, 1000 Ljubljana, SI Broj mobitela: +386 (0)41 649 036 E-mail: <a href=\"mailto:mgvasic@mg-vasic.si\">mgvasic@mg-vasic.si<\/a> Web stranica <a href=\"https:\/\/mg-vasic.si\/hr\/\">www.mg-vasic.si<\/a>[\/vc_column_text][\/vc_column][vc_column width=&#8221;1\/3&#8243;]<h4 class='heading-content  style-1' ><span>KONTAKTNI OBRAZEC<\/span><\/h4>[vc_empty_space height=&#8221;15px&#8221;][vc_column_text]Imate pitanja, zanima vas stru\u010dno mi\u0161ljenje, \u017eeljeli bismo obaviti obilazak i poslati vam ponudu&#8230; Mo\u017eete nas nazvati ili ispuniti obrazac ispod <strong>M: + 386 (0)41 649- 036<\/strong>[\/vc_column_text][\/vc_column][vc_column width=&#8221;1\/3&#8243; css=&#8221;.vc_custom_1436444356798{margin-top: 10px !important;}&#8221;][vc_column_text]Kad god mo\u017eete razgovarati s predstavnikom, upotrijebite obrazac za kontakt na na\u0161oj web stranici ili jedan od na\u0161ih brojeva za kontakt. Izgradimo va\u0161u budu\u0107nost zajedno.[\/vc_column_text][vc_empty_space height=&#8221;25px&#8221;][\/vc_column][\/vc_row][vc_row css=&#8221;.vc_custom_1418807519392{margin-top: 20px !important;}&#8221; has_content=&#8221;true&#8221;][vc_column]<h5 class='heading-content  style-1' ><span>Po\u0161lji te nam sporo\u010dilo<\/span><\/h5>[vc_empty_space height=&#8221;15px&#8221;]\n<div class=\"wpcf7 no-js\" id=\"wpcf7-f1816-o1\" lang=\"hr\" dir=\"ltr\">\n<div class=\"screen-reader-response\"><p role=\"status\" aria-live=\"polite\" aria-atomic=\"true\"><\/p> <ul><\/ul><\/div>\n<form action=\"\/hr\/wp-json\/wp\/v2\/pages\/1789#wpcf7-f1816-o1\" method=\"post\" class=\"wpcf7-form init\" aria-label=\"Kontakt obrazac\" novalidate=\"novalidate\" data-status=\"init\">\n<div style=\"display: none;\">\n<input type=\"hidden\" name=\"_wpcf7\" value=\"1816\" \/>\n<input type=\"hidden\" name=\"_wpcf7_version\" value=\"5.9.8\" \/>\n<input type=\"hidden\" name=\"_wpcf7_locale\" value=\"hr\" \/>\n<input type=\"hidden\" name=\"_wpcf7_unit_tag\" value=\"wpcf7-f1816-o1\" \/>\n<input type=\"hidden\" name=\"_wpcf7_container_post\" value=\"0\" \/>\n<input type=\"hidden\" name=\"_wpcf7_posted_data_hash\" value=\"\" \/>\n<\/div>\n<div class=\"col-sm-5 noleftpadding\">\n\t<p><span class=\"wpcf7-form-control-wrap\" data-name=\"your-name\"><input size=\"40\" maxlength=\"400\" class=\"wpcf7-form-control wpcf7-text wpcf7-validates-as-required\" aria-required=\"true\" aria-invalid=\"false\" placeholder=\"Ime*\" value=\"\" type=\"text\" name=\"your-name\" \/><\/span>\n\t<\/p>\n\t<p><span class=\"wpcf7-form-control-wrap\" data-name=\"your-subject\"><input size=\"40\" maxlength=\"400\" class=\"wpcf7-form-control wpcf7-text\" aria-invalid=\"false\" placeholder=\"Predmet*\" value=\"\" type=\"text\" name=\"your-subject\" \/><\/span>\n\t<\/p>\n\t<p><span class=\"wpcf7-form-control-wrap\" data-name=\"your-email\"><input size=\"40\" maxlength=\"400\" class=\"wpcf7-form-control wpcf7-email wpcf7-validates-as-required wpcf7-text wpcf7-validates-as-email\" aria-required=\"true\" aria-invalid=\"false\" placeholder=\"Email*\" value=\"\" type=\"email\" name=\"your-email\" \/><\/span>\n\t<\/p>\n<\/div>\n<div class=\"col-sm-7 norightpadding\">\n\t<p><span class=\"wpcf7-form-control-wrap\" data-name=\"your-message\"><textarea cols=\"25\" rows=\"3\" maxlength=\"2000\" class=\"wpcf7-form-control wpcf7-textarea\" aria-invalid=\"false\" placeholder=\"Poruka*\" name=\"your-message\"><\/textarea><\/span>\n\t<\/p>\n\t<p><input class=\"wpcf7-form-control wpcf7-submit has-spinner\" type=\"submit\" value=\"PO\u0160ALJI PORUKU\" \/>\n\t<\/p>\n<\/div><div class=\"wpcf7-response-output\" aria-hidden=\"true\"><\/div>\n<\/form>\n<\/div>\n[\/vc_column][\/vc_row]<\/p>\n","protected":false},"excerpt":{"rendered":"<p>[vc_row full_width=&#8221;stretch_row_content_no_spaces&#8221; has_content=&#8221;false&#8221; css=&#8221;.vc_custom_1436443742744{margin-bottom: 60px !important;}&#8221;][vc_column][vc_single_image image=&#8221;1630&#8243; img_size=&#8221;full&#8221; alignment=&#8221;center&#8221; onclick=&#8221;custom_link&#8221; img_link_target=&#8221;_blank&#8221; title=&#8221;MG VASI\u0106, graditeljstvo i usluge doo Blasov Breg 25, 1000 Ljubljana&#8221; link=&#8221;https:\/\/www.google.com\/maps\/place\/Blasov+Breg+25,+1000+Ljubljana\/@46.081872,14.5292102,17z\/data=!3m1!4b1!4m5!3m4!1s0x476532fa35b5f221:0x6cae288658a66c8e!8m2!3d46.081872!4d14.5313989&#8243;][\/vc_column][\/vc_row][vc_row css=&#8221;.vc_custom_1436444292332{padding-bottom: 20px !important;}&#8221;][vc_column width=&#8221;1\/3&#8243;][vc_empty_space height=&#8221;15px&#8221;][vc_column_text]MG Vasi\u0107, graditeljstvo i usluge Blasov Breg 25, 1000 Ljubljana, SI Broj mobitela:&#8230;<\/p>\n","protected":false},"author":1,"featured_media":0,"parent":0,"menu_order":0,"comment_status":"closed","ping_status":"closed","template":"","meta":{"_monsterinsights_skip_tracking":false,"_monsterinsights_sitenote_active":false,"_monsterinsights_sitenote_note":"","_monsterinsights_sitenote_category":0,"footnotes":""},"class_list":["post-1789","page","type-page","status-publish","hentry"],"aioseo_notices":[],"_links":{"self":[{"href":"https:\/\/mg-vasic.si\/hr\/wp-json\/wp\/v2\/pages\/1789","targetHints":{"allow":["GET"]}}],"collection":[{"href":"https:\/\/mg-vasic.si\/hr\/wp-json\/wp\/v2\/pages"}],"about":[{"href":"https:\/\/mg-vasic.si\/hr\/wp-json\/wp\/v2\/types\/page"}],"author":[{"embeddable":true,"href":"https:\/\/mg-vasic.si\/hr\/wp-json\/wp\/v2\/users\/1"}],"replies":[{"embeddable":true,"href":"https:\/\/mg-vasic.si\/hr\/wp-json\/wp\/v2\/comments?post=1789"}],"version-history":[{"count":3,"href":"https:\/\/mg-vasic.si\/hr\/wp-json\/wp\/v2\/pages\/1789\/revisions"}],"predecessor-version":[{"id":1804,"href":"https:\/\/mg-vasic.si\/hr\/wp-json\/wp\/v2\/pages\/1789\/revisions\/1804"}],"wp:attachment":[{"href":"https:\/\/mg-vasic.si\/hr\/wp-json\/wp\/v2\/media?parent=1789"}],"curies":[{"name":"wp","href":"https:\/\/api.w.org\/{rel}","templated":true}]}}