{"id":1769,"date":"2022-01-18T20:58:57","date_gmt":"2022-01-18T18:58:57","guid":{"rendered":"https:\/\/mg-vasic.si\/fasade\/"},"modified":"2024-09-24T12:26:52","modified_gmt":"2024-09-24T10:26:52","slug":"fasade","status":"publish","type":"page","link":"https:\/\/mg-vasic.si\/hr\/fasade\/","title":{"rendered":"FASADE"},"content":{"rendered":"<p>[vc_row][vc_column width=&#8221;1\/2&#8243;][vc_single_image image=&#8221;1617&#8243; img_size=&#8221;full&#8221;][vc_empty_space height=&#8221;10px&#8221;][vc_single_image image=&#8221;1619&#8243; img_size=&#8221;full&#8221;][\/vc_column][vc_column width=&#8221;1\/2&#8243;][vc_single_image image=&#8221;1618&#8243; img_size=&#8221;full&#8221;]<h5 class='heading-content  style-1' ><span>FASADE<\/span><\/h5>[vc_empty_space height=&#8221;20px&#8221;][vc_column_text]Fasada je ogledalo svake ku\u0107e. Adekvatna toplinska izolacija vanjskih zidova najva\u017eniji je korak na putu energetske u\u010dinkovitosti zgrade. \u0160titi objekt od vanjskih utjecaja i time osigurava estetski izgled.[\/vc_column_text][\/vc_column][\/vc_row]<\/p>\n","protected":false},"excerpt":{"rendered":"<p>[vc_row][vc_column width=&#8221;1\/2&#8243;][vc_single_image image=&#8221;1617&#8243; img_size=&#8221;full&#8221;][vc_empty_space height=&#8221;10px&#8221;][vc_single_image image=&#8221;1619&#8243; img_size=&#8221;full&#8221;][\/vc_column][vc_column width=&#8221;1\/2&#8243;][vc_single_image image=&#8221;1618&#8243; img_size=&#8221;full&#8221;][vc_empty_space height=&#8221;20px&#8221;][vc_column_text]Fasada je ogledalo svake ku\u0107e. Adekvatna toplinska izolacija vanjskih zidova najva\u017eniji je korak na putu energetske u\u010dinkovitosti zgrade. \u0160titi objekt od vanjskih utjecaja i time osigurava estetski izgled.[\/vc_column_text][\/vc_column][\/vc_row]<\/p>\n","protected":false},"author":1,"featured_media":0,"parent":0,"menu_order":0,"comment_status":"closed","ping_status":"closed","template":"","meta":{"_monsterinsights_skip_tracking":false,"_monsterinsights_sitenote_active":false,"_monsterinsights_sitenote_note":"","_monsterinsights_sitenote_category":0,"footnotes":""},"class_list":["post-1769","page","type-page","status-publish","hentry"],"aioseo_notices":[],"_links":{"self":[{"href":"https:\/\/mg-vasic.si\/hr\/wp-json\/wp\/v2\/pages\/1769","targetHints":{"allow":["GET"]}}],"collection":[{"href":"https:\/\/mg-vasic.si\/hr\/wp-json\/wp\/v2\/pages"}],"about":[{"href":"https:\/\/mg-vasic.si\/hr\/wp-json\/wp\/v2\/types\/page"}],"author":[{"embeddable":true,"href":"https:\/\/mg-vasic.si\/hr\/wp-json\/wp\/v2\/users\/1"}],"replies":[{"embeddable":true,"href":"https:\/\/mg-vasic.si\/hr\/wp-json\/wp\/v2\/comments?post=1769"}],"version-history":[{"count":3,"href":"https:\/\/mg-vasic.si\/hr\/wp-json\/wp\/v2\/pages\/1769\/revisions"}],"predecessor-version":[{"id":1785,"href":"https:\/\/mg-vasic.si\/hr\/wp-json\/wp\/v2\/pages\/1769\/revisions\/1785"}],"wp:attachment":[{"href":"https:\/\/mg-vasic.si\/hr\/wp-json\/wp\/v2\/media?parent=1769"}],"curies":[{"name":"wp","href":"https:\/\/api.w.org\/{rel}","templated":true}]}}