{"id":1759,"date":"2022-01-18T16:12:50","date_gmt":"2022-01-18T14:12:50","guid":{"rendered":"https:\/\/mg-vasic.si\/betoniranje\/"},"modified":"2024-09-24T12:26:49","modified_gmt":"2024-09-24T10:26:49","slug":"betoniranje","status":"publish","type":"page","link":"https:\/\/mg-vasic.si\/hr\/betoniranje\/","title":{"rendered":"BETONIRANJE"},"content":{"rendered":"<p>[vc_row][vc_column width=&#8221;1\/2&#8243;][vc_single_image image=&#8221;1612&#8243; img_size=&#8221;full&#8221;][vc_empty_space height=&#8221;10px&#8221;][vc_single_image image=&#8221;1613&#8243; img_size=&#8221;full&#8221;][\/vc_column][vc_column width=&#8221;1\/2&#8243;][vc_single_image image=&#8221;1588&#8243; img_size=&#8221;full&#8221;]<h5 class='heading-content  style-1' ><span>BETONIRAMO<\/span><\/h5>[vc_empty_space height=&#8221;20px&#8221;][vc_column_text]<strong>Dobar temelj &#8211; dobar po\u010detak!<\/strong>  U na\u0161oj tvrtki svjesni smo da je sigurnost jednako va\u017ena kao i estetika. Kvalitetni betonski radovi (betoniranje temelja, plo\u010da, potpornih zidova&#8230;) temelj su procesa gradnje. Tu smo posebno pa\u017eljivi i pa\u017eljivi, jer samo tako mo\u017eemo sigurno nastaviti s ostatkom procesa izgradnje.[\/vc_column_text][\/vc_column][\/vc_row]<\/p>\n","protected":false},"excerpt":{"rendered":"<p>[vc_row][vc_column width=&#8221;1\/2&#8243;][vc_single_image image=&#8221;1612&#8243; img_size=&#8221;full&#8221;][vc_empty_space height=&#8221;10px&#8221;][vc_single_image image=&#8221;1613&#8243; img_size=&#8221;full&#8221;][\/vc_column][vc_column width=&#8221;1\/2&#8243;][vc_single_image image=&#8221;1588&#8243; img_size=&#8221;full&#8221;][vc_empty_space height=&#8221;20px&#8221;][vc_column_text]Dobar temelj &#8211; dobar po\u010detak! U na\u0161oj tvrtki svjesni smo da je sigurnost jednako va\u017ena kao i estetika. Kvalitetni betonski radovi (betoniranje temelja, plo\u010da, potpornih zidova&#8230;) temelj su procesa gradnje&#8230;.<\/p>\n","protected":false},"author":1,"featured_media":0,"parent":0,"menu_order":0,"comment_status":"closed","ping_status":"closed","template":"","meta":{"_monsterinsights_skip_tracking":false,"_monsterinsights_sitenote_active":false,"_monsterinsights_sitenote_note":"","_monsterinsights_sitenote_category":0,"footnotes":""},"class_list":["post-1759","page","type-page","status-publish","hentry"],"aioseo_notices":[],"_links":{"self":[{"href":"https:\/\/mg-vasic.si\/hr\/wp-json\/wp\/v2\/pages\/1759","targetHints":{"allow":["GET"]}}],"collection":[{"href":"https:\/\/mg-vasic.si\/hr\/wp-json\/wp\/v2\/pages"}],"about":[{"href":"https:\/\/mg-vasic.si\/hr\/wp-json\/wp\/v2\/types\/page"}],"author":[{"embeddable":true,"href":"https:\/\/mg-vasic.si\/hr\/wp-json\/wp\/v2\/users\/1"}],"replies":[{"embeddable":true,"href":"https:\/\/mg-vasic.si\/hr\/wp-json\/wp\/v2\/comments?post=1759"}],"version-history":[{"count":3,"href":"https:\/\/mg-vasic.si\/hr\/wp-json\/wp\/v2\/pages\/1759\/revisions"}],"predecessor-version":[{"id":1766,"href":"https:\/\/mg-vasic.si\/hr\/wp-json\/wp\/v2\/pages\/1759\/revisions\/1766"}],"wp:attachment":[{"href":"https:\/\/mg-vasic.si\/hr\/wp-json\/wp\/v2\/media?parent=1759"}],"curies":[{"name":"wp","href":"https:\/\/api.w.org\/{rel}","templated":true}]}}