{"id":1754,"date":"2022-01-18T10:58:57","date_gmt":"2022-01-18T08:58:57","guid":{"rendered":"https:\/\/mg-vasic.si\/izgradnja-objekata\/"},"modified":"2024-09-24T12:26:49","modified_gmt":"2024-09-24T10:26:49","slug":"izgradnja-objekata","status":"publish","type":"page","link":"https:\/\/mg-vasic.si\/hr\/izgradnja-objekata\/","title":{"rendered":"IZGRADNJA OBJEKATA"},"content":{"rendered":"<p>[vc_row][vc_column width=&#8221;1\/2&#8243;][vc_single_image image=&#8221;1577&#8243; img_size=&#8221;full&#8221;][vc_empty_space height=&#8221;10px&#8221;][vc_single_image image=&#8221;1579&#8243; img_size=&#8221;full&#8221;][\/vc_column][vc_column width=&#8221;1\/2&#8243;][vc_single_image image=&#8221;1623&#8243; img_size=&#8221;full&#8221;]<h5 class='heading-content  style-1' ><span>GRADIMO ZA VAS<\/span><\/h5>[vc_empty_space height=&#8221;20px&#8221;][vc_column_text]Zidarski i fasaderski radovi MG Vasi\u0107 doo je gra\u0111evinska tvrtka koja posluje ve\u0107 40 godina. Ukoliko trebate pouzdanog i iskusnog izvo\u0111a\u010da, mi smo prava adresa. Bilo da se radi o maloj adaptaciji, izgradnji nove ku\u0107e ili poslovnog objekta, stojimo Vam na usluzi. Kontaktirajte nas![\/vc_column_text][\/vc_column][\/vc_row]<\/p>\n","protected":false},"excerpt":{"rendered":"<p>[vc_row][vc_column width=&#8221;1\/2&#8243;][vc_single_image image=&#8221;1577&#8243; img_size=&#8221;full&#8221;][vc_empty_space height=&#8221;10px&#8221;][vc_single_image image=&#8221;1579&#8243; img_size=&#8221;full&#8221;][\/vc_column][vc_column width=&#8221;1\/2&#8243;][vc_single_image image=&#8221;1623&#8243; img_size=&#8221;full&#8221;][vc_empty_space height=&#8221;20px&#8221;][vc_column_text]Zidarski i fasaderski radovi MG Vasi\u0107 doo je gra\u0111evinska tvrtka koja posluje ve\u0107 40 godina. Ukoliko trebate pouzdanog i iskusnog izvo\u0111a\u010da, mi smo prava adresa. Bilo da se radi o&#8230;<\/p>\n","protected":false},"author":1,"featured_media":0,"parent":0,"menu_order":0,"comment_status":"closed","ping_status":"closed","template":"","meta":{"_monsterinsights_skip_tracking":false,"_monsterinsights_sitenote_active":false,"_monsterinsights_sitenote_note":"","_monsterinsights_sitenote_category":0,"footnotes":""},"class_list":["post-1754","page","type-page","status-publish","hentry"],"aioseo_notices":[],"_links":{"self":[{"href":"https:\/\/mg-vasic.si\/hr\/wp-json\/wp\/v2\/pages\/1754","targetHints":{"allow":["GET"]}}],"collection":[{"href":"https:\/\/mg-vasic.si\/hr\/wp-json\/wp\/v2\/pages"}],"about":[{"href":"https:\/\/mg-vasic.si\/hr\/wp-json\/wp\/v2\/types\/page"}],"author":[{"embeddable":true,"href":"https:\/\/mg-vasic.si\/hr\/wp-json\/wp\/v2\/users\/1"}],"replies":[{"embeddable":true,"href":"https:\/\/mg-vasic.si\/hr\/wp-json\/wp\/v2\/comments?post=1754"}],"version-history":[{"count":3,"href":"https:\/\/mg-vasic.si\/hr\/wp-json\/wp\/v2\/pages\/1754\/revisions"}],"predecessor-version":[{"id":1765,"href":"https:\/\/mg-vasic.si\/hr\/wp-json\/wp\/v2\/pages\/1754\/revisions\/1765"}],"wp:attachment":[{"href":"https:\/\/mg-vasic.si\/hr\/wp-json\/wp\/v2\/media?parent=1754"}],"curies":[{"name":"wp","href":"https:\/\/api.w.org\/{rel}","templated":true}]}}